{"id":530,"date":"2017-04-20T20:41:57","date_gmt":"2017-04-20T18:41:57","guid":{"rendered":"http:\/\/headshakers.de\/?page_id=530"},"modified":"2025-02-17T19:01:15","modified_gmt":"2025-02-17T18:01:15","slug":"thailandreise-2017","status":"publish","type":"page","link":"https:\/\/headshakers.de\/de\/","title":{"rendered":"Dritte Thailandreise (nach 2009 und 2014)"},"content":{"rendered":"<p>Unsere Thailandreise 2017 f\u00fchrte uns dieses Mal von Bangkok mit dem Taxi nach Hua Hin, zur\u00fcck nach Bangkok und von hier mit dem Flieger auf die Insel Phuket. Die drei letzten Tage von insgesamt 24 waren wieder f\u00fcr Bangkok reserviert. Eine unglaubliche Stadt.<\/p>\n<p>Um das ganze chronologisch zu verfolgen geht man am Besten auf (<a href=\"https:\/\/headshakers.de\/de\/just-before-take-off\/\">Just before take off<\/a>) und hangelt sich dann durch die Tage.<\/p>\n<p>Inzwischen waren wir auch 2020 in Thailand. Dieses Mal wieder wie bereits 2014 auf einer privaten Rundreise in Nordthailand. Nur wir zwei, eine deutschsprachige Reiseleitung und ein Fahrer mit einem Minibus. Der Veranstalter war <a title=\"SiamSun\" href=\"https:\/\/www.siamsun.asia\/de\/tour\/historische-nordthailand-tour-bkk001\/\" target=\"_blank\" rel=\"noopener\">SiamSun<\/a>. \u00dcbrigens kostet das Ganze kaum mehr als bei einer organisierten Busreise mit vielen Teilnehmern.<\/p>\n<p>Die Bilder der beiden Thailandreisen \/ Rundreisen sind beispielsweise in den Fotogalerien 2014 und 2020 zu sehen. Die genaue Reiseroute von 2014 ist auf dem ersten Foto in der Galerie 2014 zu sehen. Es ging per Zug von Bangkok nach Phitsanulok. Hier wurden wir von unseren beiden Reisebegleitern abgeholt. Mit einem Minibus ging es dann mit unserer deutschsprachigen Reiseleiterin Oyh und dem Fahrer von einer Sehensw\u00fcrdigkeit zu n\u00e4chsten. Die \u00dcbernachtungen waren bereits organisiert und \u00fcberdies sehr gut ausgew\u00e4hlt.<\/p>\n<p>Die zweite Thailandreise \/ Rundreise Nordthailand 2020 war mehr im Nordosten angesiedelt. Hier sind die Stationen chronologisch in der Galerie 2020 abgelegt. Weiterhin viel Spa\u00df beim Betrachten!<\/p>\n<p>Mit einem Klick auf das Foto geht es zum Reisebericht 2017.<\/p>\n<p><a href=\"http:\/\/headshakers.de\/just-before-take-off\/\"><img loading=\"lazy\" decoding=\"async\" class=\"alignnone wp-image-111\" src=\"http:\/\/headshakers.de\/wp-content\/uploads\/2017\/01\/IMG_3931-300x225.jpg\" alt=\"Flieger zur Thailandreise\" width=\"371\" height=\"278\" srcset=\"https:\/\/headshakers.de\/wp-content\/uploads\/2017\/01\/IMG_3931-300x225.jpg 300w, https:\/\/headshakers.de\/wp-content\/uploads\/2017\/01\/IMG_3931-768x576.jpg 768w, https:\/\/headshakers.de\/wp-content\/uploads\/2017\/01\/IMG_3931-1024x768.jpg 1024w\" sizes=\"auto, (max-width: 371px) 100vw, 371px\" \/><\/a><br \/>\n<script><br \/>\n  (function(i,s,o,g,r,a,m){i['GoogleAnalyticsObject']=r;i[r]=i[r]||function(){<br \/>\n  (i[r].q=i[r].q||[]).push(arguments)},i[r].l=1*new Date();a=s.createElement(o),<br \/>\n  m=s.getElementsByTagName(o)[0];a.async=1;a.src=g;m.parentNode.insertBefore(a,m)<br \/>\n  })(window,document,'script','https:\/\/www.google-analytics.com\/analytics.js','ga');\n<\/script><\/p>\n<div class=\"pvc_clear\"><\/div>\n<p id=\"pvc_stats_530\" class=\"pvc_stats all  \" data-element-id=\"530\" style=\"\"><i class=\"pvc-stats-icon medium\" aria-hidden=\"true\"><svg aria-hidden=\"true\" focusable=\"false\" data-prefix=\"far\" data-icon=\"chart-bar\" role=\"img\" xmlns=\"http:\/\/www.w3.org\/2000\/svg\" viewBox=\"0 0 512 512\" class=\"svg-inline--fa fa-chart-bar fa-w-16 fa-2x\"><path fill=\"currentColor\" d=\"M396.8 352h22.4c6.4 0 12.8-6.4 12.8-12.8V108.8c0-6.4-6.4-12.8-12.8-12.8h-22.4c-6.4 0-12.8 6.4-12.8 12.8v230.4c0 6.4 6.4 12.8 12.8 12.8zm-192 0h22.4c6.4 0 12.8-6.4 12.8-12.8V140.8c0-6.4-6.4-12.8-12.8-12.8h-22.4c-6.4 0-12.8 6.4-12.8 12.8v198.4c0 6.4 6.4 12.8 12.8 12.8zm96 0h22.4c6.4 0 12.8-6.4 12.8-12.8V204.8c0-6.4-6.4-12.8-12.8-12.8h-22.4c-6.4 0-12.8 6.4-12.8 12.8v134.4c0 6.4 6.4 12.8 12.8 12.8zM496 400H48V80c0-8.84-7.16-16-16-16H16C7.16 64 0 71.16 0 80v336c0 17.67 14.33 32 32 32h464c8.84 0 16-7.16 16-16v-16c0-8.84-7.16-16-16-16zm-387.2-48h22.4c6.4 0 12.8-6.4 12.8-12.8v-70.4c0-6.4-6.4-12.8-12.8-12.8h-22.4c-6.4 0-12.8 6.4-12.8 12.8v70.4c0 6.4 6.4 12.8 12.8 12.8z\" class=\"\"><\/path><\/svg><\/i> <img loading=\"lazy\" decoding=\"async\" width=\"16\" height=\"16\" alt=\"Loading\" src=\"https:\/\/headshakers.de\/wp-content\/plugins\/page-views-count\/ajax-loader-2x.gif\" border=0 \/><\/p>\n<div class=\"pvc_clear\"><\/div>\n","protected":false},"excerpt":{"rendered":"<p>Unsere Thailandreise 2017 f\u00fchrte uns dieses Mal von Bangkok mit dem Taxi nach Hua Hin, zur\u00fcck nach Bangkok und von hier mit dem Flieger auf die Insel Phuket. Die drei letzten Tage von insgesamt 24 waren wieder f\u00fcr Bangkok reserviert.&hellip; <\/p>\n<div class=\"pvc_clear\"><\/div>\n<p id=\"pvc_stats_530\" class=\"pvc_stats all  \" data-element-id=\"530\" style=\"\"><i class=\"pvc-stats-icon medium\" aria-hidden=\"true\"><svg aria-hidden=\"true\" focusable=\"false\" data-prefix=\"far\" data-icon=\"chart-bar\" role=\"img\" xmlns=\"http:\/\/www.w3.org\/2000\/svg\" viewBox=\"0 0 512 512\" class=\"svg-inline--fa fa-chart-bar fa-w-16 fa-2x\"><path fill=\"currentColor\" d=\"M396.8 352h22.4c6.4 0 12.8-6.4 12.8-12.8V108.8c0-6.4-6.4-12.8-12.8-12.8h-22.4c-6.4 0-12.8 6.4-12.8 12.8v230.4c0 6.4 6.4 12.8 12.8 12.8zm-192 0h22.4c6.4 0 12.8-6.4 12.8-12.8V140.8c0-6.4-6.4-12.8-12.8-12.8h-22.4c-6.4 0-12.8 6.4-12.8 12.8v198.4c0 6.4 6.4 12.8 12.8 12.8zm96 0h22.4c6.4 0 12.8-6.4 12.8-12.8V204.8c0-6.4-6.4-12.8-12.8-12.8h-22.4c-6.4 0-12.8 6.4-12.8 12.8v134.4c0 6.4 6.4 12.8 12.8 12.8zM496 400H48V80c0-8.84-7.16-16-16-16H16C7.16 64 0 71.16 0 80v336c0 17.67 14.33 32 32 32h464c8.84 0 16-7.16 16-16v-16c0-8.84-7.16-16-16-16zm-387.2-48h22.4c6.4 0 12.8-6.4 12.8-12.8v-70.4c0-6.4-6.4-12.8-12.8-12.8h-22.4c-6.4 0-12.8 6.4-12.8 12.8v70.4c0 6.4 6.4 12.8 12.8 12.8z\" class=\"\"><\/path><\/svg><\/i> <img loading=\"lazy\" decoding=\"async\" width=\"16\" height=\"16\" alt=\"Loading\" src=\"https:\/\/headshakers.de\/wp-content\/plugins\/page-views-count\/ajax-loader-2x.gif\" border=0 \/><\/p>\n<div class=\"pvc_clear\"><\/div>\n","protected":false},"author":2,"featured_media":839,"parent":0,"menu_order":0,"comment_status":"closed","ping_status":"closed","template":"","meta":{"_exactmetrics_skip_tracking":false,"_exactmetrics_sitenote_active":false,"_exactmetrics_sitenote_note":"","_exactmetrics_sitenote_category":0,"footnotes":""},"class_list":["post-530","page","type-page","status-publish","has-post-thumbnail","hentry"],"aioseo_notices":[],"a3_pvc":{"activated":true,"total_views":24523,"today_views":1},"_links":{"self":[{"href":"https:\/\/headshakers.de\/de\/wp-json\/wp\/v2\/pages\/530","targetHints":{"allow":["GET"]}}],"collection":[{"href":"https:\/\/headshakers.de\/de\/wp-json\/wp\/v2\/pages"}],"about":[{"href":"https:\/\/headshakers.de\/de\/wp-json\/wp\/v2\/types\/page"}],"author":[{"embeddable":true,"href":"https:\/\/headshakers.de\/de\/wp-json\/wp\/v2\/users\/2"}],"replies":[{"embeddable":true,"href":"https:\/\/headshakers.de\/de\/wp-json\/wp\/v2\/comments?post=530"}],"version-history":[{"count":26,"href":"https:\/\/headshakers.de\/de\/wp-json\/wp\/v2\/pages\/530\/revisions"}],"predecessor-version":[{"id":1920,"href":"https:\/\/headshakers.de\/de\/wp-json\/wp\/v2\/pages\/530\/revisions\/1920"}],"wp:featuredmedia":[{"embeddable":true,"href":"https:\/\/headshakers.de\/de\/wp-json\/wp\/v2\/media\/839"}],"wp:attachment":[{"href":"https:\/\/headshakers.de\/de\/wp-json\/wp\/v2\/media?parent=530"}],"curies":[{"name":"wp","href":"https:\/\/api.w.org\/{rel}","templated":true}]}}